{"id":111,"date":"2020-01-19T19:06:52","date_gmt":"2020-01-19T19:06:52","guid":{"rendered":"http:\/\/treasure-of-an-angel.de\/?page_id=111"},"modified":"2022-07-11T11:41:59","modified_gmt":"2022-07-11T11:41:59","slug":"im-herzen","status":"publish","type":"page","link":"https:\/\/treasure-of-an-angel.de\/?page_id=111","title":{"rendered":"Im Herzen"},"content":{"rendered":"\n<p class=\"has-text-align-center\"><strong>Diese Seite war urspr\u00fcnglich nur zur Erinnerung an eine ganz besondere H\u00fcndin gedacht.<br> Ihr zu Ehren hei\u00dft mein Kennel <\/strong><\/p>\n\n\n\n<p class=\"has-text-align-center has-large-font-size\"><strong>\u201eTreasure of an Angel\u201c<\/strong><\/p>\n\n\n\n<p class=\"has-text-align-center\"><strong> Der Schatz des Engels wird ewig in meinem Herzen bleiben.<\/strong><\/p>\n\n\n\n<p class=\"has-text-align-center has-medium-font-size\"><strong><em>Amberside Angels Treasure<\/em><\/strong><\/p>\n\n\n<div class=\"wp-block-image\">\n<figure class=\"aligncenter\"><img loading=\"lazy\" decoding=\"async\" width=\"380\" height=\"275\" src=\"http:\/\/treasure-of-an-angel.de\/wp-content\/uploads\/2020\/01\/Treasure1.jpg\" alt=\"\" class=\"wp-image-112\" srcset=\"https:\/\/treasure-of-an-angel.de\/wp-content\/uploads\/2020\/01\/Treasure1.jpg 380w, https:\/\/treasure-of-an-angel.de\/wp-content\/uploads\/2020\/01\/Treasure1-300x217.jpg 300w\" sizes=\"auto, (max-width: 380px) 100vw, 380px\" \/><\/figure>\n<\/div>\n\n\n<p>Treasure kam mit knapp 10 Monaten zu\nuns. Als Welpe kam sie nach Deutschland und lebte in einem gro\u00dfen Rudel in dem\nsie sich nicht wohl f\u00fchlte. Bei uns war sie zuhause vom 1. Moment an. Sie war\neine wundersch\u00f6ne, liebe und verschmuste H\u00fcndin. Ihr Vater hat 2 x seine Klasse\nauf der Crufts gewonnen. Wer behauptet Hunde aus Show-Linien k\u00f6nnen nicht\narbeiten, der hat diese H\u00fcndin nicht gekannt. Sie wollte arbeiten. Niemals habe\nich erlebt, dass sie ein Dummy nicht fand, ganz egal wie schwierig ich die\n\u00dcbungen gestaltete. Noch nie hatte ich vorher ein so ausgepr\u00e4gtes \u201ewill to\nplease\u201c erlebt.<br>\nLeider hatte sie mit 2 \u00bd Jahren einen schweren Spielunfall wobei sie mit dem\nKopf auf einen Stein schlug. Es folgten lange Klinikaufenthalte. Jeden Tag war\nich in der Klinik und hielt sie in den Armen. Wir gaben uns gegenseitig Kraft\ndiese schwere Zeit durchzustehen. Wieder Zuhause musste sie alles und wirklich\nalles neu lernen. Es war ein Kampf der sich ein halbes Jahr hinzog. Immer\nwieder Hoffnung. immer wieder R\u00fcckschl\u00e4ge und dann das niederschmetternde\nErgebnis des letzten CT\u00b4s,&#8230;<br>\nEs gab keine Hoffnung mehr. Wir lie\u00dfen sie schweren Herzens nicht wieder aus\nder Narkose wach werden. Es war der letzte Liebesdienst den wir ihr erweisen\nkonnten.<\/p>\n\n\n<div class=\"wp-block-image\">\n<figure class=\"aligncenter\"><img decoding=\"async\" src=\"http:\/\/treasure-of-an-angel.de\/wp-content\/uploads\/2020\/01\/Treasure2.jpg\" alt=\"\"\/><figcaption>Foto: Axel Rieder<\/figcaption><\/figure>\n<\/div>\n\n<div class=\"wp-block-image\">\n<figure class=\"aligncenter\"><img decoding=\"async\" src=\"http:\/\/treasure-of-an-angel.de\/wp-content\/uploads\/2020\/01\/Treasure3.jpg\" alt=\"\"\/><figcaption>Foto: Axel Rieder<\/figcaption><\/figure>\n<\/div>\n\n<div class=\"wp-block-image\">\n<figure class=\"aligncenter\"><img decoding=\"async\" src=\"http:\/\/treasure-of-an-angel.de\/wp-content\/uploads\/2020\/01\/Treasure4.jpg\" alt=\"\"\/><figcaption>Foto: Axel Rieder<\/figcaption><\/figure>\n<\/div>\n\n\n<p>Unser Jake:<\/p>\n\n\n\n<p class=\"has-medium-font-size\"> <strong>Ginostra\u00b4s Occidental Walker<\/strong><\/p>\n\n\n\n<p> geb. 18.10.2001 verstorben am 02.05.2015<br> HD C1 \/ ED frei<br> Wesentest<br> Begleithundepr\u00fcfung A und B (DRC)<br> div. Workingtests<\/p>\n\n\n\n<p>Jake war der ruhende Pol in unserem\nRudel. Ein absolut liebensw\u00fcrdiger Kerl und Verlasshund. Er war immer dabei\nwenn ich meinen Sohn von der Grundschule abholte. So lag es auch nah, dass wir\nhier und da richtige Schulbesuche durchgef\u00fchrt haben und Kindern den richtigen\nUmgang mit dem Hund erkl\u00e4ren durften. Jake f\u00fchlte sich in dieser Aufgabe rundum\nwohl und mutierte regelm\u00e4\u00dfig zum netten Klassenclown. Wir durften sogar die 10\ngoldenen Regeln f\u00fcr Kinder im Umgang mit Hunden im Fernsehen pr\u00e4sentieren. Die\nAufzeichnungen waren im ZDF und im Westdeutschen Rundfunk zu sehen.<\/p>\n\n\n\n<figure class=\"wp-block-gallery has-nested-images columns-1 is-cropped wp-block-gallery-1 is-layout-flex wp-block-gallery-is-layout-flex\">\n<figure class=\"wp-block-image\"><img loading=\"lazy\" decoding=\"async\" width=\"380\" height=\"254\" data-id=\"116\" src=\"http:\/\/treasure-of-an-angel.de\/wp-content\/uploads\/2020\/01\/Jake1.jpg\" alt=\"\" class=\"wp-image-116\" srcset=\"https:\/\/treasure-of-an-angel.de\/wp-content\/uploads\/2020\/01\/Jake1.jpg 380w, https:\/\/treasure-of-an-angel.de\/wp-content\/uploads\/2020\/01\/Jake1-300x201.jpg 300w\" sizes=\"auto, (max-width: 380px) 100vw, 380px\" \/><\/figure>\n\n\n\n<figure class=\"wp-block-image\"><img loading=\"lazy\" decoding=\"async\" width=\"380\" height=\"254\" data-id=\"117\" src=\"http:\/\/treasure-of-an-angel.de\/wp-content\/uploads\/2020\/01\/Jake2.jpg\" alt=\"\" class=\"wp-image-117\" srcset=\"https:\/\/treasure-of-an-angel.de\/wp-content\/uploads\/2020\/01\/Jake2.jpg 380w, https:\/\/treasure-of-an-angel.de\/wp-content\/uploads\/2020\/01\/Jake2-300x201.jpg 300w\" sizes=\"auto, (max-width: 380px) 100vw, 380px\" \/><\/figure>\n\n\n\n<figure class=\"wp-block-image\"><img loading=\"lazy\" decoding=\"async\" width=\"380\" height=\"254\" data-id=\"118\" src=\"http:\/\/treasure-of-an-angel.de\/wp-content\/uploads\/2020\/01\/Jake3.jpg\" alt=\"\" class=\"wp-image-118\" srcset=\"https:\/\/treasure-of-an-angel.de\/wp-content\/uploads\/2020\/01\/Jake3.jpg 380w, https:\/\/treasure-of-an-angel.de\/wp-content\/uploads\/2020\/01\/Jake3-300x201.jpg 300w\" sizes=\"auto, (max-width: 380px) 100vw, 380px\" \/><\/figure>\n<\/figure>\n\n\n\n<h2 class=\"wp-block-heading\"><em>02.05.2015<\/em><\/h2>\n\n\n\n<p>Heute war einer der\nschwersten Tage meines Lebens. Wir mussten unseren geliebten Jake in die ewigen\nJagdgr\u00fcnde gehen lassen. Den Krebs konnten wir leider nicht besiegen aber\nverhindern, dass ein guter Freund leidet.<\/p>\n\n\n\n<figure class=\"wp-block-image\"><img loading=\"lazy\" decoding=\"async\" width=\"755\" height=\"505\" src=\"http:\/\/treasure-of-an-angel.de\/wp-content\/uploads\/2020\/01\/Jake5.jpg\" alt=\"\" class=\"wp-image-119\" srcset=\"https:\/\/treasure-of-an-angel.de\/wp-content\/uploads\/2020\/01\/Jake5.jpg 755w, https:\/\/treasure-of-an-angel.de\/wp-content\/uploads\/2020\/01\/Jake5-300x201.jpg 300w\" sizes=\"auto, (max-width: 706px) 89vw, (max-width: 767px) 82vw, 740px\" \/><\/figure>\n\n\n\n<div style=\"height:100px\" aria-hidden=\"true\" class=\"wp-block-spacer\"><\/div>\n\n\n\n<h2 class=\"wp-block-heading\"><strong>Amberside Sapphire Mist<\/strong><\/h2>\n\n\n\n<p><strong>Amberside Sapphire Mist (Amber)<\/strong> musste ich leider am 30.03.2022  im Alter von fast 13 Jahren \u00fcber die Regenbogenbr\u00fccke gehen lassen. Wir haben leider den Kampf gegen den Krebs verloren. Sie war mein Herzenshund, meine 1. Zuchth\u00fcndin,  hat mir 16 wunderbare Welpen geschenkt, sie steht f\u00fcr mich f\u00fcr Freundlschaft,&#8230; Ich k\u00f6nnte die Liste endlos vorsetzten.  Sie war f\u00fcr mich etwas ganz Besonderes, immer mein Fels in der Bandung.  \u00a0<\/p>\n\n\n\n<p>N\u00e4here Informationen zu Amber:<\/p>\n\n\n\n<p>In Amber habe ich mich w\u00e4hrend meinem 1. Besuch in Wales verliebt. Eigentlich dachte ich, relativ resistent auf gelbe Labrador Retriever zu reagieren. Dort war aber ein kleines Wesen das einfach mit wollte. Sie stammt aus einem absolut ausgewogenen Wurf. Ich lernte ihre Eltern, ihre Oma und zwei Geschwister aus der gleichen Verpaarung aus dem Vorjahr kennen. Absolut tolle Hunde vom Aussehen, Wesen, Gesundheit und den Anlagen her. Amber zog nach langer Reise von Wales nach Deutschland bei uns ein.<\/p>\n\n\n\n<p class=\"has-text-align-center\"><br><strong>Pr\u00fcfungen:<\/strong><\/p>\n\n\n\n<p class=\"has-text-align-center\">Wesenstest<br>Formwert vorz\u00fcglich<br>Begleithundepr\u00fcfung (LCD) 4. Platz<br>Dummy-Einsteiger-Pr\u00fcfung (DPE\/R)<\/p>\n\n\n\n<p>Auszug aus dem Wesenstest von Richter Mario Nauke:<br>Die 11 Monate alte freundliche H\u00fcndin zeigte am heutigen Tage teilweise eine sehr gute Unterordnungsbereitschaft. Fremden Menschen begegnete sie freundlich, aufgeschlossen. Die labradortypischen Arbeitsanlagen sind sehr ausgepr\u00e4gt vorhanden. Der Bringtrieb sollte weiter gef\u00f6rdert werden. Auf dem Pacours zeigt sie ein sehr gutes Interesse und untersucht selbst\u00e4ndig, beweist dabei eine gute Ausdauer sowie Apportierfreudigkeit. Eine H\u00fcndin mit sehr freundlichem Wesen und sehr guten Anlagen. Sie ist schussicher.<\/p>\n\n\n<div class=\"wp-block-image\">\n<figure class=\"aligncenter\"><img loading=\"lazy\" decoding=\"async\" width=\"380\" height=\"299\" src=\"https:\/\/treasure-of-an-angel.de\/wp-content\/uploads\/2020\/01\/\u00dcbertrag-Amber-1.jpg\" alt=\"\" class=\"wp-image-184\" srcset=\"https:\/\/treasure-of-an-angel.de\/wp-content\/uploads\/2020\/01\/\u00dcbertrag-Amber-1.jpg 380w, https:\/\/treasure-of-an-angel.de\/wp-content\/uploads\/2020\/01\/\u00dcbertrag-Amber-1-300x236.jpg 300w\" sizes=\"auto, (max-width: 380px) 100vw, 380px\" \/><\/figure>\n<\/div>\n\n\n<p class=\"has-text-align-center\"><strong>Showergebnisse:<\/strong><\/p>\n\n\n\n<p class=\"has-text-align-center\">Bochum, 21.11.2009, J\u00fcngstenklasse, Vv 4<br>Alpen, 08.05.2010, Jugendklasse, V<br>Beckum, 28.08.2010, Jugendklasse, V<br>Lich, 04.09.2010, Jugendklasse, V 3<br>Bochum, 20.11.2010, Zwischenklasse, V4<br>Paderborn, 11.09.2011, offene Klasse, V<br>Beckum, 15.07.2012, offene Klasse, V<br>Ahlen, 16.12.2012, offene Klasse, V<\/p>\n\n\n\n<p>Auszug aus dem Richterbericht von Mr. Bruno Facq frei ins Deutsche \u00fcbersetzt:<br>16 Monate alt, femininer Kopf, sehr ausgereifter K\u00f6rper f\u00fcr ihr Alter, vorz\u00fcglicher Hals, Oberlinie und Rutenansatz, super Rippenbogen, vorz\u00fcgliche Hinterhandwinkelung mit geraden Fesseln, super Vorderhandwinkelung mit guter Brust, vorz\u00fcgliche Rute, gute Knochen und Pfoten, gut pr\u00e4sentiert, gute Bewegungen.<\/p>\n\n\n<div class=\"wp-block-image\">\n<figure class=\"aligncenter\"><img loading=\"lazy\" decoding=\"async\" width=\"380\" height=\"254\" src=\"https:\/\/treasure-of-an-angel.de\/wp-content\/uploads\/2020\/01\/Amber.jpg\" alt=\"\" class=\"wp-image-185\" srcset=\"https:\/\/treasure-of-an-angel.de\/wp-content\/uploads\/2020\/01\/Amber.jpg 380w, https:\/\/treasure-of-an-angel.de\/wp-content\/uploads\/2020\/01\/Amber-300x201.jpg 300w\" sizes=\"auto, (max-width: 380px) 100vw, 380px\" \/><\/figure>\n<\/div>\n\n\n<p>Was ich an Amber liebe?<br>Sie ist immer fr\u00f6hlich, f\u00fcr jeden Spa\u00df und jede \u00dcbung zu haben. Es ist als h\u00e4tte sie immer ein L\u00e4cheln im Gesicht. Sie ist temperamentvoll, aufgeweckt und doch ruhig und konzentriert bei der Arbeit. Zuhause einfach nur angenehm. Im Umgang mit Kindern und Erwachsenen legt sie trotz ihrer Jugend eine Feinf\u00fchligkeit an den Tag, die mich immer wieder beeindruckt. Genauso zeigt sie sich im Umgang mit Welpen oder anderen Hunden. Sie spricht eine sehr gute Hundesprache und ist Everybodys Darling (im Februar 2011).<\/p>\n\n\n\n<p><br><strong>Amber\u00b4s Entwicklung:<\/strong><\/p>\n\n\n\n<figure class=\"wp-block-gallery has-nested-images columns-default is-cropped wp-block-gallery-2 is-layout-flex wp-block-gallery-is-layout-flex\">\n<figure class=\"wp-block-image size-large\"><img loading=\"lazy\" decoding=\"async\" width=\"380\" height=\"252\" data-id=\"187\" src=\"https:\/\/treasure-of-an-angel.de\/wp-content\/uploads\/2020\/01\/Amber2.jpg\" alt=\"\" class=\"wp-image-187\" srcset=\"https:\/\/treasure-of-an-angel.de\/wp-content\/uploads\/2020\/01\/Amber2.jpg 380w, https:\/\/treasure-of-an-angel.de\/wp-content\/uploads\/2020\/01\/Amber2-300x199.jpg 300w\" sizes=\"auto, (max-width: 380px) 100vw, 380px\" \/><figcaption>Foto: Undine Gulde<\/figcaption><\/figure>\n\n\n\n<figure class=\"wp-block-image size-large\"><img loading=\"lazy\" decoding=\"async\" width=\"336\" height=\"252\" data-id=\"186\" src=\"https:\/\/treasure-of-an-angel.de\/wp-content\/uploads\/2020\/01\/Amber1.jpg\" alt=\"\" class=\"wp-image-186\" srcset=\"https:\/\/treasure-of-an-angel.de\/wp-content\/uploads\/2020\/01\/Amber1.jpg 336w, https:\/\/treasure-of-an-angel.de\/wp-content\/uploads\/2020\/01\/Amber1-300x225.jpg 300w\" sizes=\"auto, (max-width: 336px) 100vw, 336px\" \/><\/figure>\n\n\n\n<figure class=\"wp-block-image size-large\"><img loading=\"lazy\" decoding=\"async\" width=\"335\" height=\"252\" data-id=\"189\" src=\"https:\/\/treasure-of-an-angel.de\/wp-content\/uploads\/2020\/01\/Amber4.jpg\" alt=\"\" class=\"wp-image-189\" srcset=\"https:\/\/treasure-of-an-angel.de\/wp-content\/uploads\/2020\/01\/Amber4.jpg 335w, https:\/\/treasure-of-an-angel.de\/wp-content\/uploads\/2020\/01\/Amber4-300x226.jpg 300w\" sizes=\"auto, (max-width: 335px) 100vw, 335px\" \/><\/figure>\n\n\n\n<figure class=\"wp-block-image size-large\"><img loading=\"lazy\" decoding=\"async\" width=\"500\" height=\"294\" data-id=\"188\" src=\"https:\/\/treasure-of-an-angel.de\/wp-content\/uploads\/2020\/01\/Amber3.jpg\" alt=\"\" class=\"wp-image-188\" srcset=\"https:\/\/treasure-of-an-angel.de\/wp-content\/uploads\/2020\/01\/Amber3.jpg 500w, https:\/\/treasure-of-an-angel.de\/wp-content\/uploads\/2020\/01\/Amber3-300x176.jpg 300w\" sizes=\"auto, (max-width: 500px) 100vw, 500px\" \/><\/figure>\n<\/figure>\n\n\n\n<h2 class=\"wp-block-heading\"><strong>Winterspass<\/strong>:<\/h2>\n\n\n\n<figure class=\"wp-block-gallery has-nested-images columns-default is-cropped wp-block-gallery-3 is-layout-flex wp-block-gallery-is-layout-flex\">\n<figure class=\"wp-block-image size-large\"><img loading=\"lazy\" decoding=\"async\" width=\"376\" height=\"252\" data-id=\"198\" src=\"https:\/\/treasure-of-an-angel.de\/wp-content\/uploads\/2020\/01\/Amber8.jpg\" alt=\"\" class=\"wp-image-198\" srcset=\"https:\/\/treasure-of-an-angel.de\/wp-content\/uploads\/2020\/01\/Amber8.jpg 376w, https:\/\/treasure-of-an-angel.de\/wp-content\/uploads\/2020\/01\/Amber8-300x201.jpg 300w\" sizes=\"auto, (max-width: 376px) 100vw, 376px\" \/><\/figure>\n\n\n\n<figure class=\"wp-block-image size-large\"><img loading=\"lazy\" decoding=\"async\" width=\"376\" height=\"252\" data-id=\"196\" src=\"https:\/\/treasure-of-an-angel.de\/wp-content\/uploads\/2020\/01\/Amber6.jpg\" alt=\"\" class=\"wp-image-196\" srcset=\"https:\/\/treasure-of-an-angel.de\/wp-content\/uploads\/2020\/01\/Amber6.jpg 376w, https:\/\/treasure-of-an-angel.de\/wp-content\/uploads\/2020\/01\/Amber6-300x201.jpg 300w\" sizes=\"auto, (max-width: 376px) 100vw, 376px\" \/><\/figure>\n\n\n\n<figure class=\"wp-block-image size-large\"><img loading=\"lazy\" decoding=\"async\" width=\"376\" height=\"252\" data-id=\"208\" src=\"https:\/\/treasure-of-an-angel.de\/wp-content\/uploads\/2020\/01\/Amber.a.jpg\" alt=\"\" class=\"wp-image-208\" srcset=\"https:\/\/treasure-of-an-angel.de\/wp-content\/uploads\/2020\/01\/Amber.a.jpg 376w, https:\/\/treasure-of-an-angel.de\/wp-content\/uploads\/2020\/01\/Amber.a-300x201.jpg 300w\" sizes=\"auto, (max-width: 376px) 100vw, 376px\" \/><\/figure>\n\n\n\n<figure class=\"wp-block-image size-large\"><img loading=\"lazy\" decoding=\"async\" width=\"380\" height=\"254\" data-id=\"194\" src=\"https:\/\/treasure-of-an-angel.de\/wp-content\/uploads\/2020\/01\/Amber-1.jpg\" alt=\"\" class=\"wp-image-194\" srcset=\"https:\/\/treasure-of-an-angel.de\/wp-content\/uploads\/2020\/01\/Amber-1.jpg 380w, https:\/\/treasure-of-an-angel.de\/wp-content\/uploads\/2020\/01\/Amber-1-300x201.jpg 300w\" sizes=\"auto, (max-width: 380px) 100vw, 380px\" \/><\/figure>\n<\/figure>\n\n\n\n<p><\/p>\n\n\n\n<h3 class=\"wp-block-heading\"><strong>Weitere sch\u00f6ne Fotos von meinem Topmodell Diese Fotos waren im Laufe der Jahre auf den LCD Kalendern bzw. als Startfoto der LCD Hompage zu sehen.<\/strong><\/h3>\n\n\n<div class=\"wp-block-image\">\n<figure class=\"aligncenter\"><img loading=\"lazy\" decoding=\"async\" width=\"755\" height=\"505\" src=\"https:\/\/treasure-of-an-angel.de\/wp-content\/uploads\/2020\/01\/Amber-2.jpg\" alt=\"\" class=\"wp-image-212\" srcset=\"https:\/\/treasure-of-an-angel.de\/wp-content\/uploads\/2020\/01\/Amber-2.jpg 755w, https:\/\/treasure-of-an-angel.de\/wp-content\/uploads\/2020\/01\/Amber-2-300x201.jpg 300w\" sizes=\"auto, (max-width: 706px) 89vw, (max-width: 767px) 82vw, 740px\" \/><\/figure>\n<\/div>\n\n<div class=\"wp-block-image\">\n<figure class=\"aligncenter\"><img loading=\"lazy\" decoding=\"async\" width=\"380\" height=\"256\" src=\"https:\/\/treasure-of-an-angel.de\/wp-content\/uploads\/2020\/01\/Amber2-1.jpg\" alt=\"\" class=\"wp-image-213\" srcset=\"https:\/\/treasure-of-an-angel.de\/wp-content\/uploads\/2020\/01\/Amber2-1.jpg 380w, https:\/\/treasure-of-an-angel.de\/wp-content\/uploads\/2020\/01\/Amber2-1-300x202.jpg 300w\" sizes=\"auto, (max-width: 380px) 100vw, 380px\" \/><\/figure>\n<\/div>\n\n<div class=\"wp-block-image\">\n<figure class=\"aligncenter\"><img loading=\"lazy\" decoding=\"async\" width=\"380\" height=\"262\" src=\"https:\/\/treasure-of-an-angel.de\/wp-content\/uploads\/2020\/01\/Amber3-1.jpg\" alt=\"\" class=\"wp-image-214\" srcset=\"https:\/\/treasure-of-an-angel.de\/wp-content\/uploads\/2020\/01\/Amber3-1.jpg 380w, https:\/\/treasure-of-an-angel.de\/wp-content\/uploads\/2020\/01\/Amber3-1-300x207.jpg 300w\" sizes=\"auto, (max-width: 380px) 100vw, 380px\" \/><\/figure>\n<\/div>\n\n\n<p>Der kleine R\u00fcde <strong>Treasure of an Angel`s Always in my Mind<\/strong> hat leider Milch aspiriert und ist verstorben. Wir sind furchtbar traurig. Wir haben ihn neben unserer Treasure zur letzten Ruhe gebettet. Hoffentlich hat Treasure ihn am anderen Ende der Regenbogenbr\u00fccke liebevoll begr\u00fc\u00dft und passt nun auf ihn auf.<br> Kleiner Mann, du warst unser Erstgeborenes. Etwas ganz Besonderes. Ich h\u00e4tte bei der Auswahl des Namens nie gedacht, dass \u201eAlways in my Mind\u201c diese Bedeutung haben wird.<\/p>\n\n\n<div class=\"wp-block-image\">\n<figure class=\"aligncenter\"><img loading=\"lazy\" decoding=\"async\" width=\"380\" height=\"253\" src=\"http:\/\/treasure-of-an-angel.de\/wp-content\/uploads\/2020\/01\/Always-in-my-mind.jpg\" alt=\"\" class=\"wp-image-120\" srcset=\"https:\/\/treasure-of-an-angel.de\/wp-content\/uploads\/2020\/01\/Always-in-my-mind.jpg 380w, https:\/\/treasure-of-an-angel.de\/wp-content\/uploads\/2020\/01\/Always-in-my-mind-300x200.jpg 300w\" sizes=\"auto, (max-width: 380px) 100vw, 380px\" \/><\/figure>\n<\/div>\n\n\n<p class=\"has-text-align-center\">geboren am 06.12.2011<br>\nverstorben am 12.12.2011<strong><\/strong><\/p>\n","protected":false},"excerpt":{"rendered":"<p>Diese Seite war urspr\u00fcnglich nur zur Erinnerung an eine ganz besondere H\u00fcndin gedacht. Ihr zu Ehren hei\u00dft mein Kennel \u201eTreasure of an Angel\u201c Der Schatz des Engels wird ewig in meinem Herzen bleiben. Amberside Angels Treasure Treasure kam mit knapp 10 Monaten zu uns. Als Welpe kam sie nach Deutschland und lebte in einem gro\u00dfen &hellip; <\/p>\n<p class=\"link-more\"><a href=\"https:\/\/treasure-of-an-angel.de\/?page_id=111\" class=\"more-link\"><span class=\"screen-reader-text\">\u201eIm Herzen\u201c <\/span>weiterlesen<\/a><\/p>\n","protected":false},"author":2,"featured_media":0,"parent":0,"menu_order":0,"comment_status":"closed","ping_status":"closed","template":"","meta":{"ngg_post_thumbnail":0,"footnotes":""},"class_list":["post-111","page","type-page","status-publish","hentry"],"aioseo_notices":[],"_links":{"self":[{"href":"https:\/\/treasure-of-an-angel.de\/index.php?rest_route=\/wp\/v2\/pages\/111","targetHints":{"allow":["GET"]}}],"collection":[{"href":"https:\/\/treasure-of-an-angel.de\/index.php?rest_route=\/wp\/v2\/pages"}],"about":[{"href":"https:\/\/treasure-of-an-angel.de\/index.php?rest_route=\/wp\/v2\/types\/page"}],"author":[{"embeddable":true,"href":"https:\/\/treasure-of-an-angel.de\/index.php?rest_route=\/wp\/v2\/users\/2"}],"replies":[{"embeddable":true,"href":"https:\/\/treasure-of-an-angel.de\/index.php?rest_route=%2Fwp%2Fv2%2Fcomments&post=111"}],"version-history":[{"count":10,"href":"https:\/\/treasure-of-an-angel.de\/index.php?rest_route=\/wp\/v2\/pages\/111\/revisions"}],"predecessor-version":[{"id":3366,"href":"https:\/\/treasure-of-an-angel.de\/index.php?rest_route=\/wp\/v2\/pages\/111\/revisions\/3366"}],"wp:attachment":[{"href":"https:\/\/treasure-of-an-angel.de\/index.php?rest_route=%2Fwp%2Fv2%2Fmedia&parent=111"}],"curies":[{"name":"wp","href":"https:\/\/api.w.org\/{rel}","templated":true}]}}