{"id":46,"date":"2020-01-17T21:43:21","date_gmt":"2020-01-17T21:43:21","guid":{"rendered":"http:\/\/treasure-of-an-angel.de\/?page_id=46"},"modified":"2020-01-17T21:48:55","modified_gmt":"2020-01-17T21:48:55","slug":"impressum","status":"publish","type":"page","link":"https:\/\/treasure-of-an-angel.de\/?page_id=46","title":{"rendered":"Impressum"},"content":{"rendered":"\n<p><strong>Impressum<\/strong><\/p>\n\n\n\n<p>Angaben gem\u00e4\u00df \u00a7 5 TMG<\/p>\n\n\n\n<p>Elke Brendick<br>Knappenstr. 11b<br>45731 Waltrop<\/p>\n\n\n\n<p><strong>Vertreten durch:<\/strong><br>\nElke Brendick<\/p>\n\n\n\n<p><strong>Kontakt:<\/strong><br>\nTelefon: 02309-5245<br>\nE-Mail:&nbsp;elke.brendick@web.de<\/p>\n\n\n\n<p><strong>Haftungsausschluss:<\/strong><br>\n<br>\n<strong>Haftung f\u00fcr Inhalte<\/strong><br>\n<br>\nDie Inhalte unserer Seiten wurden mit gr\u00f6\u00dfter Sorgfalt erstellt. F\u00fcr die\nRichtigkeit, Vollst\u00e4ndigkeit und Aktualit\u00e4t der Inhalte k\u00f6nnen wir jedoch keine\nGew\u00e4hr \u00fcbernehmen. Als Diensteanbieter sind wir gem\u00e4\u00df \u00a7 7 Abs.1 TMG f\u00fcr eigene\nInhalte auf diesen Seiten nach den allgemeinen Gesetzen verantwortlich. Nach \u00a7\u00a7\n8 bis 10 TMG sind wir als Diensteanbieter jedoch nicht verpflichtet,\n\u00fcbermittelte oder gespeicherte fremde Informationen zu \u00fcberwachen oder nach\nUmst\u00e4nden zu forschen, die auf eine rechtswidrige T\u00e4tigkeit hinweisen.\nVerpflichtungen zur Entfernung oder Sperrung der Nutzung von Informationen nach\nden allgemeinen Gesetzen bleiben hiervon unber\u00fchrt. Eine diesbez\u00fcgliche Haftung\nist jedoch erst ab dem Zeitpunkt der Kenntnis einer konkreten Rechtsverletzung\nm\u00f6glich. Bei Bekanntwerden von entsprechenden Rechtsverletzungen werden wir\ndiese Inhalte umgehend entfernen.<br>\n<br>\n<strong>Haftung f\u00fcr Links<\/strong><br>\n<br>\nUnser Angebot enth\u00e4lt Links zu externen Webseiten Dritter, auf deren Inhalte\nwir keinen Einfluss haben. Deshalb k\u00f6nnen wir f\u00fcr diese fremden Inhalte auch\nkeine Gew\u00e4hr \u00fcbernehmen. F\u00fcr die Inhalte der verlinkten Seiten ist stets der\njeweilige Anbieter oder Betreiber der Seiten verantwortlich. Die verlinkten\nSeiten wurden zum Zeitpunkt der Verlinkung auf m\u00f6gliche Rechtsverst\u00f6\u00dfe \u00fcberpr\u00fcft.\nRechtswidrige Inhalte waren zum Zeitpunkt der Verlinkung nicht erkennbar. Eine\npermanente inhaltliche Kontrolle der verlinkten Seiten ist jedoch ohne konkrete\nAnhaltspunkte einer Rechtsverletzung nicht zumutbar. Bei Bekanntwerden von\nRechtsverletzungen werden wir derartige Links umgehend entfernen.<br>\n<br>\n<strong>Urheberrecht<\/strong><br>\n<br>\nDie durch die Seitenbetreiber erstellten Inhalte und Werke auf diesen Seiten\nunterliegen dem deutschen Urheberrecht. Die Vervielf\u00e4ltigung, Bearbeitung,\nVerbreitung und jede Art der Verwertung au\u00dferhalb der Grenzen des\nUrheberrechtes bed\u00fcrfen der schriftlichen Zustimmung des jeweiligen Autors bzw.\nErstellers. Downloads und Kopien dieser Seite sind nur f\u00fcr den privaten, nicht\nkommerziellen Gebrauch gestattet. Soweit die Inhalte auf dieser Seite nicht vom\nBetreiber erstellt wurden, werden die Urheberrechte Dritter beachtet.\nInsbesondere werden Inhalte Dritter als solche gekennzeichnet. Sollten Sie\ntrotzdem auf eine Urheberrechtsverletzung aufmerksam werden, bitten wir um\neinen entsprechenden Hinweis. Bei Bekanntwerden von Rechtsverletzungen werden\nwir derartige Inhalte umgehend entfernen.<br>\n<br>\n<strong>Datenschutz<\/strong><br>\n<br>\nDie Nutzung unserer Webseite ist in der Regel ohne Angabe personenbezogener\nDaten m\u00f6glich. Soweit auf unseren Seiten personenbezogene Daten (beispielsweise\nName, Anschrift oder eMail-Adressen) erhoben werden, erfolgt dies, soweit\nm\u00f6glich, stets auf freiwilliger Basis. Diese Daten werden ohne Ihre\nausdr\u00fcckliche Zustimmung nicht an Dritte weitergegeben.<br>\nWir weisen darauf hin, dass die Daten\u00fcbertragung im Internet (z.B. bei der\nKommunikation per E-Mail) Sicherheitsl\u00fccken aufweisen kann. Ein l\u00fcckenloser\nSchutz der Daten vor dem Zugriff durch Dritte ist nicht m\u00f6glich.<br>\nDer Nutzung von im Rahmen der Impressumspflicht ver\u00f6ffentlichten Kontaktdaten\ndurch Dritte zur \u00dcbersendung von nicht ausdr\u00fccklich angeforderter Werbung und\nInformationsmaterialien wird hiermit ausdr\u00fccklich widersprochen. Die Betreiber\nder Seiten behalten sich ausdr\u00fccklich rechtliche Schritte im Falle der\nunverlangten Zusendung von Werbeinformationen, etwa durch Spam-Mails, vor.<br>\n<br>\n<br>\n<strong>Google Analytics<\/strong><br>\n<br>\nDiese Website benutzt Google Analytics, einen Webanalysedienst der Google Inc.\n(&#8220;Google&#8220;). Google Analytics verwendet sog. &#8220;Cookies&#8220;, Textdateien, die auf\nIhrem Computer gespeichert werden und die eine Analyse der Benutzung der\nWebsite durch Sie erm\u00f6glicht. Die durch den Cookie erzeugten Informationen \u00fcber\nIhre Benutzung dieser Website (einschlie\u00dflich Ihrer IP-Adresse) wird an einen\nServer von Google in den USA \u00fcbertragen und dort gespeichert. Google wird diese\nInformationen benutzen, um Ihre Nutzung der Website auszuwerten, um Reports\n\u00fcber die Websiteaktivit\u00e4ten f\u00fcr die Websitebetreiber zusammenzustellen und um\nweitere mit der Websitenutzung und der Internetnutzung verbundene\nDienstleistungen zu erbringen. Auch wird Google diese Informationen\ngegebenenfalls an Dritte \u00fcbertragen, sofern dies gesetzlich vorgeschrieben oder\nsoweit Dritte diese Daten im Auftrag von Google verarbeiten. Google wird in\nkeinem Fall Ihre IP-Adresse mit anderen Daten der Google in Verbindung bringen.\nSie k\u00f6nnen die Installation der Cookies durch eine entsprechende Einstellung\nIhrer Browser Software verhindern; wir weisen Sie jedoch darauf hin, dass Sie\nin diesem Fall gegebenenfalls nicht s\u00e4mtliche Funktionen dieser Website voll\numf\u00e4nglich nutzen k\u00f6nnen. Durch die Nutzung dieser Website erkl\u00e4ren Sie sich\nmit der Bearbeitung der \u00fcber Sie erhobenen Daten durch Google in der zuvor\nbeschriebenen Art und Weise und zu dem zuvor benannten Zweck einverstanden.<br>\n<br>\n<strong>Google AdSense<\/strong><br>\n<br>\nDiese Website benutzt Google Adsense, einen Webanzeigendienst der Google Inc.,\nUSA (&#8220;Google&#8220;). Google Adsense verwendet sog. &#8220;Cookies&#8220; (Textdateien), die\nauf Ihrem Computer gespeichert werden und die eine Analyse der Benutzung der\nWebsite durch Sie erm\u00f6glicht. Google Adsense verwendet auch sog. &#8220;Web\nBeacons&#8220; (kleine unsichtbare Grafiken) zur Sammlung von Informationen. Durch\ndie Verwendung des Web Beacons k\u00f6nnen einfache Aktionen wie der Besucherverkehr\nauf der Webseite aufgezeichnet und gesammelt werden. Die durch den Cookie\nund\/oder Web Beacon erzeugten Informationen \u00fcber Ihre Benutzung dieser Website\n(einschlie\u00dflich Ihrer IP-Adresse) werden an einen Server von Google in den USA\n\u00fcbertragen und dort gespeichert. Google wird diese Informationen benutzen, um\nIhre Nutzung der Website im Hinblick auf die Anzeigen auszuwerten, um Reports\n\u00fcber die Websiteaktivit\u00e4ten und Anzeigen f\u00fcr die Websitebetreiber\nzusammenzustellen und um weitere mit der Websitenutzung und der Internetnutzung\nverbundene Dienstleistungen zu erbringen. Auch wird Google diese Informationen\ngegebenenfalls an Dritte \u00fcbertragen, sofern dies gesetzlich vorgeschrieben oder\nsoweit Dritte diese Daten im Auftrag von Google verarbeiten. Google wird in\nkeinem Fall Ihre IP-Adresse mit anderen Daten der Google in Verbindung bringen.\nDas Speichern von Cookies auf Ihrer Festplatte und die Anzeige von Web Beacons\nk\u00f6nnen Sie verhindern, indem Sie in Ihren Browser-Einstellungen &#8220;keine Cookies\nakzeptieren&#8220; w\u00e4hlen (Im MS Internet-Explorer unter &#8220;Extras &gt; Internetoptionen\n&gt; Datenschutz &gt; Einstellung&#8220;; im Firefox unter &#8220;Extras &gt;\nEinstellungen &gt; Datenschutz &gt; Cookies&#8220;); wir weisen Sie jedoch darauf\nhin, dass Sie in diesem Fall gegebenenfalls nicht s\u00e4mtliche Funktionen dieser\nWebsite voll umf\u00e4nglich nutzen k\u00f6nnen. Durch die Nutzung dieser Website\nerkl\u00e4ren Sie sich mit der Bearbeitung der \u00fcber Sie erhobenen Daten durch Google\nin der zuvor beschriebenen Art und Weise und zu dem zuvor benannten Zweck\neinverstanden.<\/p>\n\n\n\n<p>Website Impressum erstellt durch&nbsp;<a href=\"https:\/\/www.impressum-generator.de\/\">impressum-generator.de<\/a>&nbsp;von der&nbsp;<a href=\"https:\/\/www.kanzlei-hasselbach.de\/\">Kanzlei Hasselbach<\/a><\/p>\n\n\n\n<p>Webdesign:\nPhilipp Komers<\/p>\n","protected":false},"excerpt":{"rendered":"<p>Impressum Angaben gem\u00e4\u00df \u00a7 5 TMG Elke BrendickKnappenstr. 11b45731 Waltrop Vertreten durch: Elke Brendick Kontakt: Telefon: 02309-5245 E-Mail:&nbsp;elke.brendick@web.de Haftungsausschluss: Haftung f\u00fcr Inhalte Die Inhalte unserer Seiten wurden mit gr\u00f6\u00dfter Sorgfalt erstellt. F\u00fcr die Richtigkeit, Vollst\u00e4ndigkeit und Aktualit\u00e4t der Inhalte k\u00f6nnen wir jedoch keine Gew\u00e4hr \u00fcbernehmen. Als Diensteanbieter sind wir gem\u00e4\u00df \u00a7 7 Abs.1 TMG f\u00fcr &hellip; <\/p>\n<p class=\"link-more\"><a href=\"https:\/\/treasure-of-an-angel.de\/?page_id=46\" class=\"more-link\"><span class=\"screen-reader-text\">\u201eImpressum\u201c <\/span>weiterlesen<\/a><\/p>\n","protected":false},"author":2,"featured_media":0,"parent":0,"menu_order":0,"comment_status":"closed","ping_status":"closed","template":"","meta":{"ngg_post_thumbnail":0,"footnotes":""},"class_list":["post-46","page","type-page","status-publish","hentry"],"aioseo_notices":[],"_links":{"self":[{"href":"https:\/\/treasure-of-an-angel.de\/index.php?rest_route=\/wp\/v2\/pages\/46","targetHints":{"allow":["GET"]}}],"collection":[{"href":"https:\/\/treasure-of-an-angel.de\/index.php?rest_route=\/wp\/v2\/pages"}],"about":[{"href":"https:\/\/treasure-of-an-angel.de\/index.php?rest_route=\/wp\/v2\/types\/page"}],"author":[{"embeddable":true,"href":"https:\/\/treasure-of-an-angel.de\/index.php?rest_route=\/wp\/v2\/users\/2"}],"replies":[{"embeddable":true,"href":"https:\/\/treasure-of-an-angel.de\/index.php?rest_route=%2Fwp%2Fv2%2Fcomments&post=46"}],"version-history":[{"count":2,"href":"https:\/\/treasure-of-an-angel.de\/index.php?rest_route=\/wp\/v2\/pages\/46\/revisions"}],"predecessor-version":[{"id":52,"href":"https:\/\/treasure-of-an-angel.de\/index.php?rest_route=\/wp\/v2\/pages\/46\/revisions\/52"}],"wp:attachment":[{"href":"https:\/\/treasure-of-an-angel.de\/index.php?rest_route=%2Fwp%2Fv2%2Fmedia&parent=46"}],"curies":[{"name":"wp","href":"https:\/\/api.w.org\/{rel}","templated":true}]}}