{"id":67,"date":"2020-01-17T21:55:56","date_gmt":"2020-01-17T21:55:56","guid":{"rendered":"http:\/\/treasure-of-an-angel.de\/?page_id=67"},"modified":"2020-03-01T18:02:12","modified_gmt":"2020-03-01T18:02:12","slug":"home","status":"publish","type":"page","link":"https:\/\/treasure-of-an-angel.de\/","title":{"rendered":"Mein Name ist Elke Brendick und ich hei\u00dfe euch herzlich auf meiner Web-Seite willkommen."},"content":{"rendered":"\n<p> Ich komme aus einem Elternhaus, in dem mir praktisch die Liebe zu Tieren mit in die Wiege gelegt wurde. Schon als Kind lernte ich welche Verantwortung mit der Haltung von Tieren verbunden ist. Mein Vater brachte mir schon damals bei, dass sich noch mehr Verantwortung hinter der Zucht von Tieren verbirgt. Durch mein Leben haben mich Hunde verschiedener Rassen begleitet. Meinen ersten Hund bekam ich mit 10 Jahren. Es war eine cremefarbene Zwergpudelh\u00fcndin mit Namen Britta. Danach lebten zwei American Staffordshire Terrier bei mir. VDH Champion, Europasieger H\u00e4gele\u00b4s Grizzly (Pete) und Piel\u00b4s Bonnie (Gipsy). Alle Hunde gingen in hohem Alter in die ewigen Jagdgr\u00fcnde.<br>Mich haben schon seit fr\u00fchester Kindheit Labrador Retriever interessiert. <strong>Ginostra\u00b4s Occidental Walker<\/strong>, genannt Jake, zog 2001 bei uns ein. Durch ihn lernte ich die Arbeit mit Retrievern lieben. 2007 \u00fcbernahm ich Amberside Angel\u00b4s Treasure. Ihre Geschichte finden Sie unter \u201eIm Herzen\u201c.&nbsp;  <\/p>\n\n\n\n<div class=\"wp-block-image\"><figure class=\"aligncenter\"><img loading=\"lazy\" decoding=\"async\" width=\"380\" height=\"251\" src=\"http:\/\/treasure-of-an-angel.de\/wp-content\/uploads\/2020\/01\/elke03.jpg\" alt=\"\" class=\"wp-image-10\" srcset=\"https:\/\/treasure-of-an-angel.de\/wp-content\/uploads\/2020\/01\/elke03.jpg 380w, https:\/\/treasure-of-an-angel.de\/wp-content\/uploads\/2020\/01\/elke03-300x198.jpg 300w\" sizes=\"auto, (max-width: 380px) 100vw, 380px\" \/><figcaption> <em>Treasure und Jake<\/em>  (Foto: Axel Rieder)<\/figcaption><\/figure><\/div>\n\n\n\n<p>Im Mai 2009 war ich auf Einladung von Gloria Hearn in Wales. Nun ja, man k\u00f6nnte es auch als &#8222;Sprung ins kalte Wasser&#8220; bezeichnen. Englisch war schon in der Schule nicht mein Ding. Geflogen war ich schon seit Jahren nicht mehr. Aber ich bin ins kalte Wasser gesprungen und habe es gewagt und nie bereut. Dort erwarteten mich die gastfreundlichsten und warmherzigsten Menschen, Gloria und Jim und die Amberside Labradors. Ich lernte ein Land kennen, dass mich tief ber\u00fchrte und Hunde, die ihres Gleichen suchen.<br>In meinen 40 Jahren &#8222;Leben mit Hund&#8220; habe ich gelernt, was es zu lernen gab. Ich habe mich mit Verhaltensforschung besch\u00e4ftigt und Eberhard Trumler noch zu Lebzeiten kennen gelernt, Wolfswinkel nat\u00fcrlich auch, war Deckr\u00fcdenbesitzer, habe viele Pr\u00fcfungen abgelegt, meine Hunde auf Ausstellungen pr\u00e4sentiert, \u00fcbernahm zusammen mit meinem Mann die Sonderleitung der Europasiegerausstellung 1989, war Sonderleiter auf Wesenstests, Helfer auf Workingtests, war bei Geburten dabei, bei der Aufzucht von Welpen,&#8230; Ich habe immer versucht mit wachen, offenen Augen durch mein Leben zu gehen und jede Gelegenheit genutzt mehr \u00fcber Hunde zu erfahren.<br> Doch erst jetzt war ich an dem Punkt in meinem Leben angekommen, wo ich selber z\u00fcchten wollte. Mein pers\u00f6nlicher Weg war, erst zu lernen und dann erst die Verantwortung f\u00fcr neues Leben zu \u00fcbernehmen.<br> <br><strong>Amberside Sapphire Mist ( Amber)<\/strong> zog bei mir ein und schenkte mit drei sch\u00f6ne W\u00fcrfe. Zu Gloria und Jim Hearn entwickelte sich eine langj\u00e4hrige Freundschaft. Noch heute versuchen wir uns 1 x im Jahr zu besuchen oder verbringen Urlaube zusammen. <br>Aus Ambers 2. Wurf blieb <strong>Treasure Of An Angel Bella Italia (Pearl<\/strong>) bei mir.\u00a0 Eine tolle H\u00fcndin, die leider mit ED II beurteilt wurde und mein Traum, die Amberside Linie hier in Deutschland weiter zu f\u00fchren, platze. Pearl hat keinerlei Probleme und ist mit viel Freude mein Partner bei der Dummy Arbeit. <br>Mit der Zucht aufh\u00f6ren? Nein, ich entschied mich dagegen und bewarb mich um eine schwarze H\u00fcndin aus einer z\u00fcchterisch sehr interessanten Verbindung aus dem Zwinger A Sense Of Pleasure\u00b4s. Ich wei\u00df nicht, wie ich das immer mache, aber die zu uns passende H\u00fcndin war und ist gelb.  <strong>Heather, A Sense Of Pleasure\u00b4s Daisy<\/strong>, zog bei uns ein und wird die Mutter unserer zuk\u00fcnftigen Welpen werden. Heather stammt aus Leistungszucht. Mit ihr habe ich Neuland betreten und sie neben der Dummyarbeit auch jagdlich ausgebildet. Eine komplett neue Erfahrung, aber eine gute. \u00a0\u00a0\u00a0\u00a0\u00a0\u00a0\u00a0<\/p>\n\n\n\n<p>Aus \u00dcberzeugung z\u00fcchte ich nach den Regeln des Labrador Club Deutschland (Mitglied im VDH, FCI). Meine Hunde sind in erster Linie Teil unserer Familie und werden von mir ausgebildet. Es wird bei uns nur in gr\u00f6\u00dferen Abst\u00e4nden W\u00fcrfe geben. Diese werden aber immer, genau wie der aktuell vorgesehene, mit Herz und Verstand geplant sein und als Ziel gesunde und arbeitsfreudige Labrador Retriever haben. Mir liegen meine Hunde, die Welpen in spe und ihre Besitzer absolut am Herzen. F\u00fcr sie m\u00f6chte ich da sein.<br> <br>Unsere Welpen werden im Haus geboren und aufwachsen. Sie sind somit von Anfang an in unser Familienleben integriert. Ab der 4. bis 5. Woche (je nach Wetterlage) d\u00fcrfen sie unseren Garten unsicher machen. Sie werden also bestens f\u00fcr das weitere Leben gepr\u00e4gt sein. Ich bin mir sicher, dass Amber und Pearl mit Freude ihren Beitrag zum Welpen 1 x 1 leisten wird. (im Januar 2020).<\/p>\n\n\n\n<p>Das war jetzt ein wirklich langer Text. Meine Leben mit meinen Hunden und niemals ohne. Ich freue mich, Sie kennen zu lernen.&nbsp; <\/p>\n\n\n\n<div class=\"wp-block-image\"><figure class=\"aligncenter\"><img loading=\"lazy\" decoding=\"async\" width=\"1024\" height=\"682\" src=\"http:\/\/treasure-of-an-angel.de\/wp-content\/uploads\/2020\/01\/wales-1024x682.jpg\" alt=\"\" class=\"wp-image-49\" srcset=\"https:\/\/treasure-of-an-angel.de\/wp-content\/uploads\/2020\/01\/wales-1024x682.jpg 1024w, https:\/\/treasure-of-an-angel.de\/wp-content\/uploads\/2020\/01\/wales-300x200.jpg 300w, https:\/\/treasure-of-an-angel.de\/wp-content\/uploads\/2020\/01\/wales-768x511.jpg 768w, https:\/\/treasure-of-an-angel.de\/wp-content\/uploads\/2020\/01\/wales.jpg 1385w\" sizes=\"auto, (max-width: 706px) 89vw, (max-width: 767px) 82vw, 740px\" \/><figcaption> <em>LIanstephan, South Wales, im Oktober 2018, mit Amber, Pearl und Heather sowie Gloria\u00b4s Sapphi  <\/em> <\/figcaption><\/figure><\/div>\n\n\n\n<p>\n\n Foto: Gloria Hearn \n\n<\/p>\n","protected":false},"excerpt":{"rendered":"<p>Ich komme aus einem Elternhaus, in dem mir praktisch die Liebe zu Tieren mit in die Wiege gelegt wurde. Schon als Kind lernte ich welche Verantwortung mit der Haltung von Tieren verbunden ist. Mein Vater brachte mir schon damals bei, dass sich noch mehr Verantwortung hinter der Zucht von Tieren verbirgt. Durch mein Leben haben &hellip; <\/p>\n<p class=\"link-more\"><a href=\"https:\/\/treasure-of-an-angel.de\/\" class=\"more-link\"><span class=\"screen-reader-text\">\u201eMein Name ist Elke Brendick und ich hei\u00dfe euch herzlich auf meiner Web-Seite willkommen.\u201c <\/span>weiterlesen<\/a><\/p>\n","protected":false},"author":2,"featured_media":0,"parent":0,"menu_order":0,"comment_status":"closed","ping_status":"closed","template":"","meta":{"ngg_post_thumbnail":0,"footnotes":""},"class_list":["post-67","page","type-page","status-publish","hentry"],"aioseo_notices":[],"_links":{"self":[{"href":"https:\/\/treasure-of-an-angel.de\/index.php?rest_route=\/wp\/v2\/pages\/67","targetHints":{"allow":["GET"]}}],"collection":[{"href":"https:\/\/treasure-of-an-angel.de\/index.php?rest_route=\/wp\/v2\/pages"}],"about":[{"href":"https:\/\/treasure-of-an-angel.de\/index.php?rest_route=\/wp\/v2\/types\/page"}],"author":[{"embeddable":true,"href":"https:\/\/treasure-of-an-angel.de\/index.php?rest_route=\/wp\/v2\/users\/2"}],"replies":[{"embeddable":true,"href":"https:\/\/treasure-of-an-angel.de\/index.php?rest_route=%2Fwp%2Fv2%2Fcomments&post=67"}],"version-history":[{"count":8,"href":"https:\/\/treasure-of-an-angel.de\/index.php?rest_route=\/wp\/v2\/pages\/67\/revisions"}],"predecessor-version":[{"id":2047,"href":"https:\/\/treasure-of-an-angel.de\/index.php?rest_route=\/wp\/v2\/pages\/67\/revisions\/2047"}],"wp:attachment":[{"href":"https:\/\/treasure-of-an-angel.de\/index.php?rest_route=%2Fwp%2Fv2%2Fmedia&parent=67"}],"curies":[{"name":"wp","href":"https:\/\/api.w.org\/{rel}","templated":true}]}}